{"id":504,"date":"2017-08-29T13:49:47","date_gmt":"2017-08-29T11:49:47","guid":{"rendered":"http:\/\/service.zfl.uni-kl.de\/wp\/?page_id=504"},"modified":"2025-11-20T11:33:50","modified_gmt":"2025-11-20T10:33:50","slug":"info","status":"publish","type":"page","link":"https:\/\/service.zfl.uni-kl.de\/wp\/info","title":{"rendered":"Impressum"},"content":{"rendered":"<p><strong>Anbieter<\/strong><\/p>\n<p>RPTU Rheinland-Pf&auml;lzische Technische Universit&auml;t Kaiserslautern-Landau<br>\nGottlieb-Daimler-Stra&szlig;e, Geb&auml;ude 47,<br>\n67663 Kaiserslautern, Deutschland<\/p>\n<p><strong>Pr&auml;sident<\/strong><\/p>\n<p>Prof. Dr. Malte Drescher<br>\nE-Mail: <a href=\"mailto:praesident@rptu.de\">praesident@rptu.de<\/a><br>\nTelefon: +49 631 205 0<br>\nTelefax: +49 631 205 3200<\/p>\n<p>Die Rheinland-Pf&auml;lzische Technische Universit&auml;t Kaiserslautern-Landau (RPTU) ist eine K&ouml;rperschaft des &ouml;ffentlichen Rechts. Sie wird vertreten durch den Pr&auml;sidenten der RPTU, Prof. Dr. Malte Drescher.<br>\nUmsatzsteueridentifikationsnummer: DE 148 642 087<\/p>\n<p><strong>Aufsichtsbeh&ouml;rde<\/strong><\/p>\n<p>Ministerium f&uuml;r Wissenschaft, Weiterbildung und Kultur<br>\nMittlere Bleiche 61<br>\n55116 Mainz<\/p>\n<p><strong>Inhaltliche Verantwortung f&uuml;r das Angebot www.didagma.de<\/strong><\/p>\n<p>RPTU in Kaiserslautern Zentrum f&uuml;r Lehrkr&auml;ftebildung (ZfL)<br>\nPostfach 3049<br>\n67653 Kaiserslautern<\/p>\n<p><strong>Leitung<\/strong><\/p>\n<p>Prof. Dr. rer. nat. Roland Ulber<br>\nTel.: 0631 &ndash; 205 &ndash; 4043<br>\nE-Mail: <a href=\"https:\/\/rptu.de\/zfl-zlb\/ueber-uns\/team\/team-zfl-kaiserslautern\">Prof. Dr. Ulber<\/a><\/p>\n<p><strong>Haftungsausschluss &ndash; Disclaimer<\/strong><\/p>\n<p>Die RPTU in Kaiserslautern haftet nur f&uuml;r eigene Inhalte nach den allgemeinen Gesetzen. Sie &uuml;bernimmt keine Gew&auml;hr f&uuml;r die Aktualit&auml;t, Korrektheit, Vollst&auml;ndigkeit oder Qualit&auml;t der bereitgestellten Daten und Informationen.<br>\nInhalte anderer Anbieter, auf die die RPTU mittels direkter oder indirekter Verkn&uuml;pfungen (Links) hinweist, spiegeln nicht die Meinung der RPTU wider. Sie ist nicht f&uuml;r die Inhalte anderer Anbieter verantwortlich.<br>\nF&uuml;r die Inhalte rechtlich selbst&auml;ndiger Einrichtungen und einzelner zugelassener Nutzer auf den IT-Systemen der RPTU in Kaiserslautern sind diese Anbieter selbst verantwortlich.<\/p>\n<p><strong>Ansprechpartner (Webredaktion) f&uuml;r dieses Webangebot<\/strong><\/p>\n<p><a href=\"https:\/\/rptu.de\/zfl-zlb\/ueber-uns\/team\/team-zfl-kaiserslautern\">Dr. Stefen M&#xFC;ller<\/a><\/p>\n","protected":false},"excerpt":{"rendered":"<p>Anbieter RPTU Rheinland-Pf\u00e4lzische Technische Universit\u00e4t Kaiserslautern-Landau Gottlieb-Daimler-Stra\u00dfe, Geb\u00e4ude 47, 67663 Kaiserslautern, Deutschland Pr\u00e4sident Prof. Dr. Malte Drescher E-Mail: praesident@rptu.de Telefon: +49 631 205 0 Telefax: +49 631 205 3200 Die Rheinland-Pf\u00e4lzische Technische Universit\u00e4t Kaiserslautern-Landau (RPTU) ist eine K\u00f6rperschaft des \u00f6ffentlichen Rechts. Sie wird vertreten durch den Pr\u00e4sidenten der RPTU, Prof. Dr. Malte Drescher. Umsatzsteueridentifikationsnummer: DE 148 642 087 Aufsichtsbeh\u00f6rde Ministerium<\/p>\n","protected":false},"author":2,"featured_media":0,"parent":0,"menu_order":4,"comment_status":"closed","ping_status":"closed","template":"","meta":[],"categories":[],"tags":[],"_links":{"self":[{"href":"https:\/\/service.zfl.uni-kl.de\/wp\/wp-json\/wp\/v2\/pages\/504"}],"collection":[{"href":"https:\/\/service.zfl.uni-kl.de\/wp\/wp-json\/wp\/v2\/pages"}],"about":[{"href":"https:\/\/service.zfl.uni-kl.de\/wp\/wp-json\/wp\/v2\/types\/page"}],"author":[{"embeddable":true,"href":"https:\/\/service.zfl.uni-kl.de\/wp\/wp-json\/wp\/v2\/users\/2"}],"replies":[{"embeddable":true,"href":"https:\/\/service.zfl.uni-kl.de\/wp\/wp-json\/wp\/v2\/comments?post=504"}],"version-history":[{"count":14,"href":"https:\/\/service.zfl.uni-kl.de\/wp\/wp-json\/wp\/v2\/pages\/504\/revisions"}],"predecessor-version":[{"id":2394,"href":"https:\/\/service.zfl.uni-kl.de\/wp\/wp-json\/wp\/v2\/pages\/504\/revisions\/2394"}],"wp:attachment":[{"href":"https:\/\/service.zfl.uni-kl.de\/wp\/wp-json\/wp\/v2\/media?parent=504"}],"wp:term":[{"taxonomy":"category","embeddable":true,"href":"https:\/\/service.zfl.uni-kl.de\/wp\/wp-json\/wp\/v2\/categories?post=504"},{"taxonomy":"post_tag","embeddable":true,"href":"https:\/\/service.zfl.uni-kl.de\/wp\/wp-json\/wp\/v2\/tags?post=504"}],"curies":[{"name":"wp","href":"https:\/\/api.w.org\/{rel}","templated":true}]}}